{"id":190,"date":"2021-11-07T17:03:44","date_gmt":"2021-11-07T16:03:44","guid":{"rendered":"https:\/\/www.hundekiga.de\/?page_id=190"},"modified":"2021-11-17T09:49:00","modified_gmt":"2021-11-17T08:49:00","slug":"gebaeude","status":"publish","type":"page","link":"https:\/\/www.hundekiga.de\/index.php\/gebaeude\/","title":{"rendered":"Geb\u00e4ude"},"content":{"rendered":"\n<h2 class=\"wp-block-heading\">Unser Geb\u00e4ude<\/h2>\n\n\n\n<p>verf\u00fcgt im Innenbereich \u00fcber 360m\u00b2 und ist in liebevoll eingerichtete Hundezimmer sowie in zwei gro\u00dfe Spielzimmer unterteilt. Diese bieten auch bei schlechtem Wetter genug Platz zum toben und spielen f\u00fcr Deine Fellnase.<\/p>\n\n\n\n<p>Die\nHunde k\u00f6nnen sich im Innenbereich frei bewegen. Unsere Zimmer sind\nin den kalten Monaten beheizt und mit Fernseher, Sofa, K\u00f6rbchen und\nHundebetten ausgestattet.\nZus\u00e4tzlich gibt es eine Futterk\u00fcche f\u00fcr Welpen und eine\nhundegerechte Dusche f\u00fcr kleine \u201eErdferkel\u201c.<\/p>\n\n\n\n<div id=\"metaslider-id-416\" style=\"width: 100%; margin: 0 auto;\" class=\"ml-slider-3-104-0 metaslider metaslider-flex metaslider-416 ml-slider has-dots-nav ms-theme-default\" role=\"region\" aria-label=\"gebaeude\" data-height=\"300\" data-width=\"500\">\n    <div id=\"metaslider_container_416\">\n        <div id=\"metaslider_416\">\n            <ul class='slides'>\n                <li style=\"display: block; width: 100%;\" class=\"slide-431 ms-image \" aria-roledescription=\"slide\" data-date=\"2021-11-17 09:47:17\" data-filename=\"g1.jpg\" data-slide-type=\"image\"><img loading=\"lazy\" decoding=\"async\" width=\"1024\" height=\"682\" src=\"https:\/\/www.hundekiga.de\/wp-content\/uploads\/2021\/11\/g1.jpg\" class=\"slider-416 slide-431 msDefaultImage\" alt=\"\" rel=\"\" title=\"g1\" srcset=\"https:\/\/www.hundekiga.de\/wp-content\/uploads\/2021\/11\/g1.jpg 1024w, https:\/\/www.hundekiga.de\/wp-content\/uploads\/2021\/11\/g1-300x200.jpg 300w, https:\/\/www.hundekiga.de\/wp-content\/uploads\/2021\/11\/g1-768x512.jpg 768w, https:\/\/www.hundekiga.de\/wp-content\/uploads\/2021\/11\/g1-450x300.jpg 450w\" sizes=\"auto, (max-width: 1024px) 100vw, 1024px\" \/><\/li>\n                <li style=\"display: none; width: 100%;\" class=\"slide-432 ms-image \" aria-roledescription=\"slide\" data-date=\"2021-11-17 09:47:17\" data-filename=\"g2.jpg\" data-slide-type=\"image\"><img loading=\"lazy\" decoding=\"async\" width=\"682\" height=\"1024\" src=\"https:\/\/www.hundekiga.de\/wp-content\/uploads\/2021\/11\/g2.jpg\" class=\"slider-416 slide-432 msDefaultImage\" alt=\"\" rel=\"\" title=\"g2\" srcset=\"https:\/\/www.hundekiga.de\/wp-content\/uploads\/2021\/11\/g2.jpg 682w, https:\/\/www.hundekiga.de\/wp-content\/uploads\/2021\/11\/g2-200x300.jpg 200w\" sizes=\"auto, (max-width: 682px) 100vw, 682px\" \/><\/li>\n                <li style=\"display: none; width: 100%;\" class=\"slide-433 ms-image \" aria-roledescription=\"slide\" data-date=\"2021-11-17 09:47:17\" data-filename=\"g3.jpg\" data-slide-type=\"image\"><img loading=\"lazy\" decoding=\"async\" width=\"1024\" height=\"681\" src=\"https:\/\/www.hundekiga.de\/wp-content\/uploads\/2021\/11\/g3.jpg\" class=\"slider-416 slide-433 msDefaultImage\" alt=\"\" rel=\"\" title=\"g3\" srcset=\"https:\/\/www.hundekiga.de\/wp-content\/uploads\/2021\/11\/g3.jpg 1024w, https:\/\/www.hundekiga.de\/wp-content\/uploads\/2021\/11\/g3-300x200.jpg 300w, https:\/\/www.hundekiga.de\/wp-content\/uploads\/2021\/11\/g3-768x511.jpg 768w, https:\/\/www.hundekiga.de\/wp-content\/uploads\/2021\/11\/g3-451x300.jpg 451w\" sizes=\"auto, (max-width: 1024px) 100vw, 1024px\" \/><\/li>\n                <li style=\"display: none; width: 100%;\" class=\"slide-434 ms-image \" aria-roledescription=\"slide\" data-date=\"2021-11-17 09:47:18\" data-filename=\"g4.jpg\" data-slide-type=\"image\"><img loading=\"lazy\" decoding=\"async\" width=\"1024\" height=\"681\" src=\"https:\/\/www.hundekiga.de\/wp-content\/uploads\/2021\/11\/g4.jpg\" class=\"slider-416 slide-434 msDefaultImage\" alt=\"\" rel=\"\" title=\"g4\" srcset=\"https:\/\/www.hundekiga.de\/wp-content\/uploads\/2021\/11\/g4.jpg 1024w, https:\/\/www.hundekiga.de\/wp-content\/uploads\/2021\/11\/g4-300x200.jpg 300w, https:\/\/www.hundekiga.de\/wp-content\/uploads\/2021\/11\/g4-768x511.jpg 768w, https:\/\/www.hundekiga.de\/wp-content\/uploads\/2021\/11\/g4-451x300.jpg 451w\" sizes=\"auto, (max-width: 1024px) 100vw, 1024px\" \/><\/li>\n                <li style=\"display: none; width: 100%;\" class=\"slide-435 ms-image \" aria-roledescription=\"slide\" data-date=\"2021-11-17 09:47:18\" data-filename=\"g5.jpg\" data-slide-type=\"image\"><img loading=\"lazy\" decoding=\"async\" width=\"1024\" height=\"682\" src=\"https:\/\/www.hundekiga.de\/wp-content\/uploads\/2021\/11\/g5.jpg\" class=\"slider-416 slide-435 msDefaultImage\" alt=\"\" rel=\"\" title=\"g5\" srcset=\"https:\/\/www.hundekiga.de\/wp-content\/uploads\/2021\/11\/g5.jpg 1024w, https:\/\/www.hundekiga.de\/wp-content\/uploads\/2021\/11\/g5-300x200.jpg 300w, https:\/\/www.hundekiga.de\/wp-content\/uploads\/2021\/11\/g5-768x512.jpg 768w, https:\/\/www.hundekiga.de\/wp-content\/uploads\/2021\/11\/g5-450x300.jpg 450w\" sizes=\"auto, (max-width: 1024px) 100vw, 1024px\" \/><\/li>\n                <li style=\"display: none; width: 100%;\" class=\"slide-436 ms-image \" aria-roledescription=\"slide\" data-date=\"2021-11-17 09:47:18\" data-filename=\"g6.jpg\" data-slide-type=\"image\"><img loading=\"lazy\" decoding=\"async\" width=\"1024\" height=\"682\" src=\"https:\/\/www.hundekiga.de\/wp-content\/uploads\/2021\/11\/g6.jpg\" class=\"slider-416 slide-436 msDefaultImage\" alt=\"\" rel=\"\" title=\"g6\" srcset=\"https:\/\/www.hundekiga.de\/wp-content\/uploads\/2021\/11\/g6.jpg 1024w, https:\/\/www.hundekiga.de\/wp-content\/uploads\/2021\/11\/g6-300x200.jpg 300w, https:\/\/www.hundekiga.de\/wp-content\/uploads\/2021\/11\/g6-768x512.jpg 768w, https:\/\/www.hundekiga.de\/wp-content\/uploads\/2021\/11\/g6-450x300.jpg 450w\" sizes=\"auto, (max-width: 1024px) 100vw, 1024px\" \/><\/li>\n                <li style=\"display: none; width: 100%;\" class=\"slide-437 ms-image \" aria-roledescription=\"slide\" data-date=\"2021-11-17 09:47:18\" data-filename=\"g7.jpg\" data-slide-type=\"image\"><img loading=\"lazy\" decoding=\"async\" width=\"1024\" height=\"682\" src=\"https:\/\/www.hundekiga.de\/wp-content\/uploads\/2021\/11\/g7.jpg\" class=\"slider-416 slide-437 msDefaultImage\" alt=\"\" rel=\"\" title=\"g7\" srcset=\"https:\/\/www.hundekiga.de\/wp-content\/uploads\/2021\/11\/g7.jpg 1024w, https:\/\/www.hundekiga.de\/wp-content\/uploads\/2021\/11\/g7-300x200.jpg 300w, https:\/\/www.hundekiga.de\/wp-content\/uploads\/2021\/11\/g7-768x512.jpg 768w, https:\/\/www.hundekiga.de\/wp-content\/uploads\/2021\/11\/g7-450x300.jpg 450w\" sizes=\"auto, (max-width: 1024px) 100vw, 1024px\" \/><\/li>\n                <li style=\"display: none; width: 100%;\" class=\"slide-438 ms-image \" aria-roledescription=\"slide\" data-date=\"2021-11-17 09:47:18\" data-filename=\"g8.jpg\" data-slide-type=\"image\"><img loading=\"lazy\" decoding=\"async\" width=\"1024\" height=\"682\" src=\"https:\/\/www.hundekiga.de\/wp-content\/uploads\/2021\/11\/g8.jpg\" class=\"slider-416 slide-438 msDefaultImage\" alt=\"\" rel=\"\" title=\"g8\" srcset=\"https:\/\/www.hundekiga.de\/wp-content\/uploads\/2021\/11\/g8.jpg 1024w, https:\/\/www.hundekiga.de\/wp-content\/uploads\/2021\/11\/g8-300x200.jpg 300w, https:\/\/www.hundekiga.de\/wp-content\/uploads\/2021\/11\/g8-768x512.jpg 768w, https:\/\/www.hundekiga.de\/wp-content\/uploads\/2021\/11\/g8-450x300.jpg 450w\" sizes=\"auto, (max-width: 1024px) 100vw, 1024px\" \/><\/li>\n                <li style=\"display: none; width: 100%;\" class=\"slide-439 ms-image \" aria-roledescription=\"slide\" data-date=\"2021-11-17 09:47:18\" data-filename=\"g9.jpg\" data-slide-type=\"image\"><img loading=\"lazy\" decoding=\"async\" width=\"1024\" height=\"682\" src=\"https:\/\/www.hundekiga.de\/wp-content\/uploads\/2021\/11\/g9.jpg\" class=\"slider-416 slide-439 msDefaultImage\" alt=\"\" rel=\"\" title=\"g9\" srcset=\"https:\/\/www.hundekiga.de\/wp-content\/uploads\/2021\/11\/g9.jpg 1024w, https:\/\/www.hundekiga.de\/wp-content\/uploads\/2021\/11\/g9-300x200.jpg 300w, https:\/\/www.hundekiga.de\/wp-content\/uploads\/2021\/11\/g9-768x512.jpg 768w, https:\/\/www.hundekiga.de\/wp-content\/uploads\/2021\/11\/g9-450x300.jpg 450w\" sizes=\"auto, (max-width: 1024px) 100vw, 1024px\" \/><\/li>\n                <li style=\"display: none; width: 100%;\" class=\"slide-440 ms-image \" aria-roledescription=\"slide\" data-date=\"2021-11-17 09:47:18\" data-filename=\"g10.jpg\" data-slide-type=\"image\"><img loading=\"lazy\" decoding=\"async\" width=\"1024\" height=\"682\" src=\"https:\/\/www.hundekiga.de\/wp-content\/uploads\/2021\/11\/g10.jpg\" class=\"slider-416 slide-440 msDefaultImage\" alt=\"\" rel=\"\" title=\"g10\" srcset=\"https:\/\/www.hundekiga.de\/wp-content\/uploads\/2021\/11\/g10.jpg 1024w, https:\/\/www.hundekiga.de\/wp-content\/uploads\/2021\/11\/g10-300x200.jpg 300w, https:\/\/www.hundekiga.de\/wp-content\/uploads\/2021\/11\/g10-768x512.jpg 768w, https:\/\/www.hundekiga.de\/wp-content\/uploads\/2021\/11\/g10-450x300.jpg 450w\" sizes=\"auto, (max-width: 1024px) 100vw, 1024px\" \/><\/li>\n                <li style=\"display: none; width: 100%;\" class=\"slide-441 ms-image \" aria-roledescription=\"slide\" data-date=\"2021-11-17 09:47:19\" data-filename=\"g11.jpg\" data-slide-type=\"image\"><img loading=\"lazy\" decoding=\"async\" width=\"1024\" height=\"682\" src=\"https:\/\/www.hundekiga.de\/wp-content\/uploads\/2021\/11\/g11.jpg\" class=\"slider-416 slide-441 msDefaultImage\" alt=\"\" rel=\"\" title=\"g11\" srcset=\"https:\/\/www.hundekiga.de\/wp-content\/uploads\/2021\/11\/g11.jpg 1024w, https:\/\/www.hundekiga.de\/wp-content\/uploads\/2021\/11\/g11-300x200.jpg 300w, https:\/\/www.hundekiga.de\/wp-content\/uploads\/2021\/11\/g11-768x512.jpg 768w, https:\/\/www.hundekiga.de\/wp-content\/uploads\/2021\/11\/g11-450x300.jpg 450w\" sizes=\"auto, (max-width: 1024px) 100vw, 1024px\" \/><\/li>\n                <li style=\"display: none; width: 100%;\" class=\"slide-442 ms-image \" aria-roledescription=\"slide\" data-date=\"2021-11-17 09:47:19\" data-filename=\"g12.jpg\" data-slide-type=\"image\"><img loading=\"lazy\" decoding=\"async\" width=\"1024\" height=\"683\" src=\"https:\/\/www.hundekiga.de\/wp-content\/uploads\/2021\/11\/g12.jpg\" class=\"slider-416 slide-442 msDefaultImage\" alt=\"\" rel=\"\" title=\"g12\" srcset=\"https:\/\/www.hundekiga.de\/wp-content\/uploads\/2021\/11\/g12.jpg 1024w, https:\/\/www.hundekiga.de\/wp-content\/uploads\/2021\/11\/g12-300x200.jpg 300w, https:\/\/www.hundekiga.de\/wp-content\/uploads\/2021\/11\/g12-768x512.jpg 768w, https:\/\/www.hundekiga.de\/wp-content\/uploads\/2021\/11\/g12-450x300.jpg 450w\" sizes=\"auto, (max-width: 1024px) 100vw, 1024px\" \/><\/li>\n                <li style=\"display: none; width: 100%;\" class=\"slide-443 ms-image \" aria-roledescription=\"slide\" data-date=\"2021-11-17 09:47:19\" data-filename=\"g13.jpg\" data-slide-type=\"image\"><img loading=\"lazy\" decoding=\"async\" width=\"1024\" height=\"683\" src=\"https:\/\/www.hundekiga.de\/wp-content\/uploads\/2021\/11\/g13.jpg\" class=\"slider-416 slide-443 msDefaultImage\" alt=\"\" rel=\"\" title=\"g13\" srcset=\"https:\/\/www.hundekiga.de\/wp-content\/uploads\/2021\/11\/g13.jpg 1024w, https:\/\/www.hundekiga.de\/wp-content\/uploads\/2021\/11\/g13-300x200.jpg 300w, https:\/\/www.hundekiga.de\/wp-content\/uploads\/2021\/11\/g13-768x512.jpg 768w, https:\/\/www.hundekiga.de\/wp-content\/uploads\/2021\/11\/g13-450x300.jpg 450w\" sizes=\"auto, (max-width: 1024px) 100vw, 1024px\" \/><\/li>\n                <li style=\"display: none; width: 100%;\" class=\"slide-444 ms-image \" aria-roledescription=\"slide\" data-date=\"2021-11-17 09:47:19\" data-filename=\"g14.jpg\" data-slide-type=\"image\"><img loading=\"lazy\" decoding=\"async\" width=\"1024\" height=\"682\" src=\"https:\/\/www.hundekiga.de\/wp-content\/uploads\/2021\/11\/g14.jpg\" class=\"slider-416 slide-444 msDefaultImage\" alt=\"\" rel=\"\" title=\"g14\" srcset=\"https:\/\/www.hundekiga.de\/wp-content\/uploads\/2021\/11\/g14.jpg 1024w, https:\/\/www.hundekiga.de\/wp-content\/uploads\/2021\/11\/g14-300x200.jpg 300w, https:\/\/www.hundekiga.de\/wp-content\/uploads\/2021\/11\/g14-768x512.jpg 768w, https:\/\/www.hundekiga.de\/wp-content\/uploads\/2021\/11\/g14-450x300.jpg 450w\" sizes=\"auto, (max-width: 1024px) 100vw, 1024px\" \/><\/li>\n            <\/ul>\n        <\/div>\n        \n    <\/div>\n<\/div>\n","protected":false},"excerpt":{"rendered":"<p>Unser Geb\u00e4ude verf\u00fcgt im Innenbereich \u00fcber 360m\u00b2 und ist in liebevoll eingerichtete Hundezimmer sowie in zwei gro\u00dfe Spielzimmer unterteilt. Diese bieten auch bei schlechtem Wetter genug Platz zum toben und spielen f\u00fcr Deine Fellnase. Die Hunde k\u00f6nnen sich im Innenbereich &hellip; <a href=\"https:\/\/www.hundekiga.de\/index.php\/gebaeude\/\">Weiterlesen <span class=\"meta-nav\">&rarr;<\/span><\/a><\/p>\n","protected":false},"author":1,"featured_media":0,"parent":0,"menu_order":0,"comment_status":"closed","ping_status":"closed","template":"","meta":{"footnotes":""},"class_list":["post-190","page","type-page","status-publish","hentry"],"_links":{"self":[{"href":"https:\/\/www.hundekiga.de\/index.php\/wp-json\/wp\/v2\/pages\/190","targetHints":{"allow":["GET"]}}],"collection":[{"href":"https:\/\/www.hundekiga.de\/index.php\/wp-json\/wp\/v2\/pages"}],"about":[{"href":"https:\/\/www.hundekiga.de\/index.php\/wp-json\/wp\/v2\/types\/page"}],"author":[{"embeddable":true,"href":"https:\/\/www.hundekiga.de\/index.php\/wp-json\/wp\/v2\/users\/1"}],"replies":[{"embeddable":true,"href":"https:\/\/www.hundekiga.de\/index.php\/wp-json\/wp\/v2\/comments?post=190"}],"version-history":[{"count":6,"href":"https:\/\/www.hundekiga.de\/index.php\/wp-json\/wp\/v2\/pages\/190\/revisions"}],"predecessor-version":[{"id":446,"href":"https:\/\/www.hundekiga.de\/index.php\/wp-json\/wp\/v2\/pages\/190\/revisions\/446"}],"wp:attachment":[{"href":"https:\/\/www.hundekiga.de\/index.php\/wp-json\/wp\/v2\/media?parent=190"}],"curies":[{"name":"wp","href":"https:\/\/api.w.org\/{rel}","templated":true}]}}