{"id":18,"date":"2019-01-10T11:06:00","date_gmt":"2019-01-10T10:06:00","guid":{"rendered":"http:\/\/192.168.1.98\/hukiga\/?page_id=18"},"modified":"2021-11-10T14:26:55","modified_gmt":"2021-11-10T13:26:55","slug":"ueber-uns","status":"publish","type":"page","link":"https:\/\/www.hundekiga.de\/index.php\/ueber-uns\/","title":{"rendered":"\u00dcber uns"},"content":{"rendered":"\n<p style=\"text-align:center\"><em><strong> Der Hund ist das einzige Wesen auf Erden, <br>das dich mehr liebt, als sich selbst. (Josh Billings) <\/strong><\/em><\/p>\n\n\n\n<p>Aus eigener\nErfahrung wissen wir, den Hund in andere  H\u00e4nde zu geben f\u00e4llt\nschwer. Deshalb haben wir f\u00fcr unsere Vierbeiner immer ein Angebot\ngesucht, welches jedem einzelnen von ihnen gerecht werden kann\u2026.\nleider ohne Erfolg.  Daraus ist der Wunsch gewachsen, selber etwas zu\nschaffen, das alles das vereint, was wir uns als Hundebesitzer f\u00fcr\nunsere Hunde w\u00fcnschen, einen Ort an dem sich die Hunde pudelwohl\nf\u00fchlen k\u00f6nnen.<\/p>\n\n\n\n<div id=\"metaslider-id-347\" style=\"width: 100%; margin: 0 auto;\" class=\"ml-slider-3-104-0 metaslider metaslider-flex metaslider-347 ml-slider has-dots-nav ms-theme-default\" role=\"region\" aria-label=\"absatz1\" data-height=\"300\" data-width=\"500\">\n    <div id=\"metaslider_container_347\">\n        <div id=\"metaslider_347\">\n            <ul class='slides'>\n                <li style=\"display: block; width: 100%;\" class=\"slide-348 ms-image \" aria-roledescription=\"slide\" data-date=\"2021-11-10 10:49:31\" data-filename=\"IMG_0360.jpg\" data-slide-type=\"image\"><img loading=\"lazy\" decoding=\"async\" width=\"2016\" height=\"1512\" src=\"https:\/\/www.hundekiga.de\/wp-content\/uploads\/2021\/11\/IMG_0360.jpg\" class=\"slider-347 slide-348 msDefaultImage\" alt=\"\" rel=\"\" title=\"IMG_0360\" srcset=\"https:\/\/www.hundekiga.de\/wp-content\/uploads\/2021\/11\/IMG_0360.jpg 2016w, https:\/\/www.hundekiga.de\/wp-content\/uploads\/2021\/11\/IMG_0360-300x225.jpg 300w, https:\/\/www.hundekiga.de\/wp-content\/uploads\/2021\/11\/IMG_0360-768x576.jpg 768w, https:\/\/www.hundekiga.de\/wp-content\/uploads\/2021\/11\/IMG_0360-1024x768.jpg 1024w, https:\/\/www.hundekiga.de\/wp-content\/uploads\/2021\/11\/IMG_0360-400x300.jpg 400w\" sizes=\"auto, (max-width: 2016px) 100vw, 2016px\" \/><\/li>\n                <li style=\"display: none; width: 100%;\" class=\"slide-349 ms-image \" aria-roledescription=\"slide\" data-date=\"2021-11-10 10:49:31\" data-filename=\"IMG_2527.jpg\" data-slide-type=\"image\"><img loading=\"lazy\" decoding=\"async\" width=\"4032\" height=\"3024\" src=\"https:\/\/www.hundekiga.de\/wp-content\/uploads\/2021\/11\/IMG_2527.jpg\" class=\"slider-347 slide-349 msDefaultImage\" alt=\"\" rel=\"\" title=\"IMG_2527\" srcset=\"https:\/\/www.hundekiga.de\/wp-content\/uploads\/2021\/11\/IMG_2527.jpg 4032w, https:\/\/www.hundekiga.de\/wp-content\/uploads\/2021\/11\/IMG_2527-300x225.jpg 300w, https:\/\/www.hundekiga.de\/wp-content\/uploads\/2021\/11\/IMG_2527-768x576.jpg 768w, https:\/\/www.hundekiga.de\/wp-content\/uploads\/2021\/11\/IMG_2527-1024x768.jpg 1024w, https:\/\/www.hundekiga.de\/wp-content\/uploads\/2021\/11\/IMG_2527-400x300.jpg 400w\" sizes=\"auto, (max-width: 4032px) 100vw, 4032px\" \/><\/li>\n                <li style=\"display: none; width: 100%;\" class=\"slide-350 ms-image \" aria-roledescription=\"slide\" data-date=\"2021-11-10 10:49:32\" data-filename=\"IMG_2908.jpg\" data-slide-type=\"image\"><img loading=\"lazy\" decoding=\"async\" width=\"1512\" height=\"2016\" src=\"https:\/\/www.hundekiga.de\/wp-content\/uploads\/2021\/11\/IMG_2908.jpg\" class=\"slider-347 slide-350 msDefaultImage\" alt=\"\" rel=\"\" title=\"IMG_2908\" srcset=\"https:\/\/www.hundekiga.de\/wp-content\/uploads\/2021\/11\/IMG_2908.jpg 1512w, https:\/\/www.hundekiga.de\/wp-content\/uploads\/2021\/11\/IMG_2908-225x300.jpg 225w, https:\/\/www.hundekiga.de\/wp-content\/uploads\/2021\/11\/IMG_2908-768x1024.jpg 768w\" sizes=\"auto, (max-width: 1512px) 100vw, 1512px\" \/><\/li>\n                <li style=\"display: none; width: 100%;\" class=\"slide-351 ms-image \" aria-roledescription=\"slide\" data-date=\"2021-11-10 10:49:32\" data-filename=\"IMG_3350.jpg\" data-slide-type=\"image\"><img loading=\"lazy\" decoding=\"async\" width=\"1512\" height=\"2016\" src=\"https:\/\/www.hundekiga.de\/wp-content\/uploads\/2021\/11\/IMG_3350.jpg\" class=\"slider-347 slide-351 msDefaultImage\" alt=\"\" rel=\"\" title=\"IMG_3350\" srcset=\"https:\/\/www.hundekiga.de\/wp-content\/uploads\/2021\/11\/IMG_3350.jpg 1512w, https:\/\/www.hundekiga.de\/wp-content\/uploads\/2021\/11\/IMG_3350-225x300.jpg 225w, https:\/\/www.hundekiga.de\/wp-content\/uploads\/2021\/11\/IMG_3350-768x1024.jpg 768w\" sizes=\"auto, (max-width: 1512px) 100vw, 1512px\" \/><\/li>\n                <li style=\"display: none; width: 100%;\" class=\"slide-352 ms-image \" aria-roledescription=\"slide\" data-date=\"2021-11-10 10:49:32\" data-filename=\"IMG_5409.jpg\" data-slide-type=\"image\"><img loading=\"lazy\" decoding=\"async\" width=\"1512\" height=\"2016\" src=\"https:\/\/www.hundekiga.de\/wp-content\/uploads\/2021\/11\/IMG_5409.jpg\" class=\"slider-347 slide-352 msDefaultImage\" alt=\"\" rel=\"\" title=\"IMG_5409\" srcset=\"https:\/\/www.hundekiga.de\/wp-content\/uploads\/2021\/11\/IMG_5409.jpg 1512w, https:\/\/www.hundekiga.de\/wp-content\/uploads\/2021\/11\/IMG_5409-225x300.jpg 225w, https:\/\/www.hundekiga.de\/wp-content\/uploads\/2021\/11\/IMG_5409-768x1024.jpg 768w\" sizes=\"auto, (max-width: 1512px) 100vw, 1512px\" \/><\/li>\n            <\/ul>\n        <\/div>\n        \n    <\/div>\n<\/div>\n\n\n\n<p>Unser Betreuungsangebot wird individuell auf die Bed\u00fcrfnisse und Besonderheiten deines Hundes abgestimmt. Wir arbeiten mit Hunden jeder Rasse, jeden Alters auch Hunde mit k\u00f6rperlichen Einschr\u00e4nkungen sind bei uns willkommen. Wir selbst sind das F\u00fcr-immer-Zuhause f\u00fcr einen schwerstvermittelbaren Tierschutzhund geworden. Bewusst haben wir uns neben unseren gesunden Hunden f\u00fcr einen blinden und tauben Hund entschieden, da diese Tiere oft keine Chance auf ein erf\u00fclltes Hundeleben bekommen.  <\/p>\n\n\n\n<figure class=\"wp-block-image\"><img loading=\"lazy\" decoding=\"async\" width=\"576\" height=\"1024\" src=\"https:\/\/www.hundekiga.de\/wp-content\/uploads\/2021\/11\/image_123923953-576x1024.jpg\" alt=\"\" class=\"wp-image-234\" srcset=\"https:\/\/www.hundekiga.de\/wp-content\/uploads\/2021\/11\/image_123923953-576x1024.jpg 576w, https:\/\/www.hundekiga.de\/wp-content\/uploads\/2021\/11\/image_123923953-169x300.jpg 169w, https:\/\/www.hundekiga.de\/wp-content\/uploads\/2021\/11\/image_123923953-768x1365.jpg 768w\" sizes=\"auto, (max-width: 576px) 100vw, 576px\" \/><\/figure>\n\n\n\n<p>Die Aufnahme in\nunser Rudel erfolgt nach Absolvierung einer kostenlosen Probezeit,\ndazu werden sich die Hunde zuerst einzeln vorgestellt, danach erfolgt\ndie Zusammenf\u00fchrung des Rudels.  Nur sozialvertr\u00e4gliche Hunde\nwerden in das bereits bestehende Rudel aufgenommen.<\/p>\n\n\n\n<div id=\"metaslider-id-362\" style=\"width: 100%; margin: 0 auto;\" class=\"ml-slider-3-104-0 metaslider metaslider-flex metaslider-362 ml-slider has-dots-nav ms-theme-default\" role=\"region\" aria-label=\"absatz3\" data-height=\"300\" data-width=\"500\">\n    <div id=\"metaslider_container_362\">\n        <div id=\"metaslider_362\">\n            <ul class='slides'>\n                <li style=\"display: block; width: 100%;\" class=\"slide-363 ms-image \" aria-roledescription=\"slide\" data-date=\"2021-11-10 14:22:23\" data-filename=\"IMG_4543.jpg\" data-slide-type=\"image\"><img loading=\"lazy\" decoding=\"async\" width=\"4032\" height=\"3024\" src=\"https:\/\/www.hundekiga.de\/wp-content\/uploads\/2021\/11\/IMG_4543.jpg\" class=\"slider-362 slide-363 msDefaultImage\" alt=\"\" rel=\"\" title=\"IMG_4543\" srcset=\"https:\/\/www.hundekiga.de\/wp-content\/uploads\/2021\/11\/IMG_4543.jpg 4032w, https:\/\/www.hundekiga.de\/wp-content\/uploads\/2021\/11\/IMG_4543-300x225.jpg 300w, https:\/\/www.hundekiga.de\/wp-content\/uploads\/2021\/11\/IMG_4543-768x576.jpg 768w, https:\/\/www.hundekiga.de\/wp-content\/uploads\/2021\/11\/IMG_4543-1024x768.jpg 1024w, https:\/\/www.hundekiga.de\/wp-content\/uploads\/2021\/11\/IMG_4543-400x300.jpg 400w\" sizes=\"auto, (max-width: 4032px) 100vw, 4032px\" \/><\/li>\n                <li style=\"display: none; width: 100%;\" class=\"slide-364 ms-image \" aria-roledescription=\"slide\" data-date=\"2021-11-10 14:22:23\" data-filename=\"IMG_4867.jpg\" data-slide-type=\"image\"><img loading=\"lazy\" decoding=\"async\" width=\"4032\" height=\"3024\" src=\"https:\/\/www.hundekiga.de\/wp-content\/uploads\/2021\/11\/IMG_4867.jpg\" class=\"slider-362 slide-364 msDefaultImage\" alt=\"\" rel=\"\" title=\"IMG_4867\" srcset=\"https:\/\/www.hundekiga.de\/wp-content\/uploads\/2021\/11\/IMG_4867.jpg 4032w, https:\/\/www.hundekiga.de\/wp-content\/uploads\/2021\/11\/IMG_4867-300x225.jpg 300w, https:\/\/www.hundekiga.de\/wp-content\/uploads\/2021\/11\/IMG_4867-768x576.jpg 768w, https:\/\/www.hundekiga.de\/wp-content\/uploads\/2021\/11\/IMG_4867-1024x768.jpg 1024w, https:\/\/www.hundekiga.de\/wp-content\/uploads\/2021\/11\/IMG_4867-400x300.jpg 400w\" sizes=\"auto, (max-width: 4032px) 100vw, 4032px\" \/><\/li>\n                <li style=\"display: none; width: 100%;\" class=\"slide-365 ms-image \" aria-roledescription=\"slide\" data-date=\"2021-11-10 14:22:24\" data-filename=\"IMG_4955.jpg\" data-slide-type=\"image\"><img loading=\"lazy\" decoding=\"async\" width=\"3024\" height=\"4032\" src=\"https:\/\/www.hundekiga.de\/wp-content\/uploads\/2021\/11\/IMG_4955.jpg\" class=\"slider-362 slide-365 msDefaultImage\" alt=\"\" rel=\"\" title=\"IMG_4955\" srcset=\"https:\/\/www.hundekiga.de\/wp-content\/uploads\/2021\/11\/IMG_4955.jpg 3024w, https:\/\/www.hundekiga.de\/wp-content\/uploads\/2021\/11\/IMG_4955-225x300.jpg 225w, https:\/\/www.hundekiga.de\/wp-content\/uploads\/2021\/11\/IMG_4955-768x1024.jpg 768w\" sizes=\"auto, (max-width: 3024px) 100vw, 3024px\" \/><\/li>\n                <li style=\"display: none; width: 100%;\" class=\"slide-366 ms-image \" aria-roledescription=\"slide\" data-date=\"2021-11-10 14:22:24\" data-filename=\"IMG_5000.jpg\" data-slide-type=\"image\"><img loading=\"lazy\" decoding=\"async\" width=\"1125\" height=\"2436\" src=\"https:\/\/www.hundekiga.de\/wp-content\/uploads\/2021\/11\/IMG_5000.jpg\" class=\"slider-362 slide-366 msDefaultImage\" alt=\"\" rel=\"\" title=\"IMG_5000\" srcset=\"https:\/\/www.hundekiga.de\/wp-content\/uploads\/2021\/11\/IMG_5000.jpg 1125w, https:\/\/www.hundekiga.de\/wp-content\/uploads\/2021\/11\/IMG_5000-139x300.jpg 139w, https:\/\/www.hundekiga.de\/wp-content\/uploads\/2021\/11\/IMG_5000-768x1663.jpg 768w, https:\/\/www.hundekiga.de\/wp-content\/uploads\/2021\/11\/IMG_5000-473x1024.jpg 473w\" sizes=\"auto, (max-width: 1125px) 100vw, 1125px\" \/><\/li>\n            <\/ul>\n        <\/div>\n        \n    <\/div>\n<\/div>\n\n\n\n<p>Bei uns werden\nnicht nur Hunde, sondern auch Pers\u00f6nlichkeiten betreut, deshalb\nverrate uns so viel wie m\u00f6glich \u00fcber die Besonderheiten,\nEigenheiten und Vorlieben deines Hundes. Damit gibst Du uns die\nM\u00f6glichkeit ihn entsprechend seiner Pers\u00f6nlichkeit individuell zu\nbetreuen.<\/p>\n\n\n\n<div id=\"metaslider-id-367\" style=\"width: 100%; margin: 0 auto;\" class=\"ml-slider-3-104-0 metaslider metaslider-flex metaslider-367 ml-slider has-dots-nav ms-theme-default\" role=\"region\" aria-label=\"absatz4\" data-height=\"300\" data-width=\"500\">\n    <div id=\"metaslider_container_367\">\n        <div id=\"metaslider_367\">\n            <ul class='slides'>\n                <li style=\"display: block; width: 100%;\" class=\"slide-368 ms-image \" aria-roledescription=\"slide\" data-date=\"2021-11-10 14:23:16\" data-filename=\"image_123986674.jpg\" data-slide-type=\"image\"><img loading=\"lazy\" decoding=\"async\" width=\"1125\" height=\"794\" src=\"https:\/\/www.hundekiga.de\/wp-content\/uploads\/2021\/11\/image_123986674.jpg\" class=\"slider-367 slide-368 msDefaultImage\" alt=\"\" rel=\"\" title=\"image_123986674\" srcset=\"https:\/\/www.hundekiga.de\/wp-content\/uploads\/2021\/11\/image_123986674.jpg 1125w, https:\/\/www.hundekiga.de\/wp-content\/uploads\/2021\/11\/image_123986674-300x212.jpg 300w, https:\/\/www.hundekiga.de\/wp-content\/uploads\/2021\/11\/image_123986674-768x542.jpg 768w, https:\/\/www.hundekiga.de\/wp-content\/uploads\/2021\/11\/image_123986674-1024x723.jpg 1024w, https:\/\/www.hundekiga.de\/wp-content\/uploads\/2021\/11\/image_123986674-425x300.jpg 425w\" sizes=\"auto, (max-width: 1125px) 100vw, 1125px\" \/><\/li>\n                <li style=\"display: none; width: 100%;\" class=\"slide-369 ms-image \" aria-roledescription=\"slide\" data-date=\"2021-11-10 14:23:16\" data-filename=\"image_123986675.jpg\" data-slide-type=\"image\"><img loading=\"lazy\" decoding=\"async\" width=\"1125\" height=\"1701\" src=\"https:\/\/www.hundekiga.de\/wp-content\/uploads\/2021\/11\/image_123986675.jpg\" class=\"slider-367 slide-369 msDefaultImage\" alt=\"\" rel=\"\" title=\"image_123986675\" srcset=\"https:\/\/www.hundekiga.de\/wp-content\/uploads\/2021\/11\/image_123986675.jpg 1125w, https:\/\/www.hundekiga.de\/wp-content\/uploads\/2021\/11\/image_123986675-198x300.jpg 198w, https:\/\/www.hundekiga.de\/wp-content\/uploads\/2021\/11\/image_123986675-768x1161.jpg 768w, https:\/\/www.hundekiga.de\/wp-content\/uploads\/2021\/11\/image_123986675-677x1024.jpg 677w\" sizes=\"auto, (max-width: 1125px) 100vw, 1125px\" \/><\/li>\n                <li style=\"display: none; width: 100%;\" class=\"slide-370 ms-image \" aria-roledescription=\"slide\" data-date=\"2021-11-10 14:23:16\" data-filename=\"image_123986676.jpg\" data-slide-type=\"image\"><img loading=\"lazy\" decoding=\"async\" width=\"1125\" height=\"1984\" src=\"https:\/\/www.hundekiga.de\/wp-content\/uploads\/2021\/11\/image_123986676.jpg\" class=\"slider-367 slide-370 msDefaultImage\" alt=\"\" rel=\"\" title=\"image_123986676\" srcset=\"https:\/\/www.hundekiga.de\/wp-content\/uploads\/2021\/11\/image_123986676.jpg 1125w, https:\/\/www.hundekiga.de\/wp-content\/uploads\/2021\/11\/image_123986676-170x300.jpg 170w, https:\/\/www.hundekiga.de\/wp-content\/uploads\/2021\/11\/image_123986676-768x1354.jpg 768w, https:\/\/www.hundekiga.de\/wp-content\/uploads\/2021\/11\/image_123986676-581x1024.jpg 581w\" sizes=\"auto, (max-width: 1125px) 100vw, 1125px\" \/><\/li>\n                <li style=\"display: none; width: 100%;\" class=\"slide-371 ms-image \" aria-roledescription=\"slide\" data-date=\"2021-11-10 14:23:16\" data-filename=\"IMG_4149.jpg\" data-slide-type=\"image\"><img loading=\"lazy\" decoding=\"async\" width=\"2016\" height=\"1512\" src=\"https:\/\/www.hundekiga.de\/wp-content\/uploads\/2021\/11\/IMG_4149.jpg\" class=\"slider-367 slide-371 msDefaultImage\" alt=\"\" rel=\"\" title=\"IMG_4149\" srcset=\"https:\/\/www.hundekiga.de\/wp-content\/uploads\/2021\/11\/IMG_4149.jpg 2016w, https:\/\/www.hundekiga.de\/wp-content\/uploads\/2021\/11\/IMG_4149-300x225.jpg 300w, https:\/\/www.hundekiga.de\/wp-content\/uploads\/2021\/11\/IMG_4149-768x576.jpg 768w, https:\/\/www.hundekiga.de\/wp-content\/uploads\/2021\/11\/IMG_4149-1024x768.jpg 1024w, https:\/\/www.hundekiga.de\/wp-content\/uploads\/2021\/11\/IMG_4149-400x300.jpg 400w\" sizes=\"auto, (max-width: 2016px) 100vw, 2016px\" \/><\/li>\n            <\/ul>\n        <\/div>\n        \n    <\/div>\n<\/div>\n\n\n\n<p>Damit der\nTrennungsschmerz f\u00fcr Dich nicht zu gro\u00df wird, k\u00f6nnen wir Dir gerne\nauf Wunsch t\u00e4glich eine kleine Liebesbotschaft von Deinem Hund in\nForm von Bild oder Video zu kommen lassen.<\/p>\n\n\n\n<div id=\"metaslider-id-372\" style=\"width: 100%; margin: 0 auto;\" class=\"ml-slider-3-104-0 metaslider metaslider-flex metaslider-372 ml-slider has-dots-nav ms-theme-default\" role=\"region\" aria-label=\"absatz5\" data-height=\"300\" data-width=\"500\">\n    <div id=\"metaslider_container_372\">\n        <div id=\"metaslider_372\">\n            <ul class='slides'>\n                <li style=\"display: block; width: 100%;\" class=\"slide-373 ms-image \" aria-roledescription=\"slide\" data-date=\"2021-11-10 14:24:17\" data-filename=\"image_123923953-1.jpg\" data-slide-type=\"image\"><img loading=\"lazy\" decoding=\"async\" width=\"2322\" height=\"4128\" src=\"https:\/\/www.hundekiga.de\/wp-content\/uploads\/2021\/11\/image_123923953-1.jpg\" class=\"slider-372 slide-373 msDefaultImage\" alt=\"\" rel=\"\" title=\"image_123923953\" srcset=\"https:\/\/www.hundekiga.de\/wp-content\/uploads\/2021\/11\/image_123923953-1.jpg 2322w, https:\/\/www.hundekiga.de\/wp-content\/uploads\/2021\/11\/image_123923953-1-169x300.jpg 169w, https:\/\/www.hundekiga.de\/wp-content\/uploads\/2021\/11\/image_123923953-1-768x1365.jpg 768w, https:\/\/www.hundekiga.de\/wp-content\/uploads\/2021\/11\/image_123923953-1-576x1024.jpg 576w\" sizes=\"auto, (max-width: 2322px) 100vw, 2322px\" \/><\/li>\n                <li style=\"display: none; width: 100%;\" class=\"slide-374 ms-image \" aria-roledescription=\"slide\" data-date=\"2021-11-10 14:24:17\" data-filename=\"image_123986672.jpg\" data-slide-type=\"image\"><img loading=\"lazy\" decoding=\"async\" width=\"1125\" height=\"2268\" src=\"https:\/\/www.hundekiga.de\/wp-content\/uploads\/2021\/11\/image_123986672.jpg\" class=\"slider-372 slide-374 msDefaultImage\" alt=\"\" rel=\"\" title=\"image_123986672\" srcset=\"https:\/\/www.hundekiga.de\/wp-content\/uploads\/2021\/11\/image_123986672.jpg 1125w, https:\/\/www.hundekiga.de\/wp-content\/uploads\/2021\/11\/image_123986672-149x300.jpg 149w, https:\/\/www.hundekiga.de\/wp-content\/uploads\/2021\/11\/image_123986672-768x1548.jpg 768w, https:\/\/www.hundekiga.de\/wp-content\/uploads\/2021\/11\/image_123986672-508x1024.jpg 508w\" sizes=\"auto, (max-width: 1125px) 100vw, 1125px\" \/><\/li>\n                <li style=\"display: none; width: 100%;\" class=\"slide-375 ms-image \" aria-roledescription=\"slide\" data-date=\"2021-11-10 14:24:17\" data-filename=\"IMG_4998.jpg\" data-slide-type=\"image\"><img loading=\"lazy\" decoding=\"async\" width=\"1512\" height=\"2016\" src=\"https:\/\/www.hundekiga.de\/wp-content\/uploads\/2021\/11\/IMG_4998.jpg\" class=\"slider-372 slide-375 msDefaultImage\" alt=\"\" rel=\"\" title=\"IMG_4998\" srcset=\"https:\/\/www.hundekiga.de\/wp-content\/uploads\/2021\/11\/IMG_4998.jpg 1512w, https:\/\/www.hundekiga.de\/wp-content\/uploads\/2021\/11\/IMG_4998-225x300.jpg 225w, https:\/\/www.hundekiga.de\/wp-content\/uploads\/2021\/11\/IMG_4998-768x1024.jpg 768w\" sizes=\"auto, (max-width: 1512px) 100vw, 1512px\" \/><\/li>\n                <li style=\"display: none; width: 100%;\" class=\"slide-376 ms-image \" aria-roledescription=\"slide\" data-date=\"2021-11-10 14:24:18\" data-filename=\"IMG_5460.jpg\" data-slide-type=\"image\"><img loading=\"lazy\" decoding=\"async\" width=\"2016\" height=\"1512\" src=\"https:\/\/www.hundekiga.de\/wp-content\/uploads\/2021\/11\/IMG_5460.jpg\" class=\"slider-372 slide-376 msDefaultImage\" alt=\"\" rel=\"\" title=\"IMG_5460\" srcset=\"https:\/\/www.hundekiga.de\/wp-content\/uploads\/2021\/11\/IMG_5460.jpg 2016w, https:\/\/www.hundekiga.de\/wp-content\/uploads\/2021\/11\/IMG_5460-300x225.jpg 300w, https:\/\/www.hundekiga.de\/wp-content\/uploads\/2021\/11\/IMG_5460-768x576.jpg 768w, https:\/\/www.hundekiga.de\/wp-content\/uploads\/2021\/11\/IMG_5460-1024x768.jpg 1024w, https:\/\/www.hundekiga.de\/wp-content\/uploads\/2021\/11\/IMG_5460-400x300.jpg 400w\" sizes=\"auto, (max-width: 2016px) 100vw, 2016px\" \/><\/li>\n            <\/ul>\n        <\/div>\n        \n    <\/div>\n<\/div>\n\n\n\n<p>Eine Einzelzwingerhaltung  wirst  Du bei uns nicht finden.<br>Bei uns darf der Hund noch Hund sein. Frei nach dem Motto, nur ein schmutziger Hund ist ein gl\u00fccklicher Hund.  Aber keine Angst, in unserem Geb\u00e4ude befindet sich auch ein hundegerechter Duschraum, damit dein Liebling wieder sauber zu Dir nach Hause kommt.<\/p>\n\n\n\n<div id=\"metaslider-id-377\" style=\"width: 100%; margin: 0 auto;\" class=\"ml-slider-3-104-0 metaslider metaslider-flex metaslider-377 ml-slider has-dots-nav ms-theme-default\" role=\"region\" aria-label=\"absatz6\" data-height=\"300\" data-width=\"500\">\n    <div id=\"metaslider_container_377\">\n        <div id=\"metaslider_377\">\n            <ul class='slides'>\n                <li style=\"display: block; width: 100%;\" class=\"slide-378 ms-image \" aria-roledescription=\"slide\" data-date=\"2021-11-10 14:24:52\" data-filename=\"IMG_4800.jpg\" data-slide-type=\"image\"><img loading=\"lazy\" decoding=\"async\" width=\"4032\" height=\"3024\" src=\"https:\/\/www.hundekiga.de\/wp-content\/uploads\/2021\/11\/IMG_4800.jpg\" class=\"slider-377 slide-378 msDefaultImage\" alt=\"\" rel=\"\" title=\"IMG_4800\" srcset=\"https:\/\/www.hundekiga.de\/wp-content\/uploads\/2021\/11\/IMG_4800.jpg 4032w, https:\/\/www.hundekiga.de\/wp-content\/uploads\/2021\/11\/IMG_4800-300x225.jpg 300w, https:\/\/www.hundekiga.de\/wp-content\/uploads\/2021\/11\/IMG_4800-768x576.jpg 768w, https:\/\/www.hundekiga.de\/wp-content\/uploads\/2021\/11\/IMG_4800-1024x768.jpg 1024w, https:\/\/www.hundekiga.de\/wp-content\/uploads\/2021\/11\/IMG_4800-400x300.jpg 400w\" sizes=\"auto, (max-width: 4032px) 100vw, 4032px\" \/><\/li>\n                <li style=\"display: none; width: 100%;\" class=\"slide-379 ms-image \" aria-roledescription=\"slide\" data-date=\"2021-11-10 14:24:52\" data-filename=\"IMG_4802.jpg\" data-slide-type=\"image\"><img loading=\"lazy\" decoding=\"async\" width=\"4032\" height=\"3024\" src=\"https:\/\/www.hundekiga.de\/wp-content\/uploads\/2021\/11\/IMG_4802.jpg\" class=\"slider-377 slide-379 msDefaultImage\" alt=\"\" rel=\"\" title=\"IMG_4802\" srcset=\"https:\/\/www.hundekiga.de\/wp-content\/uploads\/2021\/11\/IMG_4802.jpg 4032w, https:\/\/www.hundekiga.de\/wp-content\/uploads\/2021\/11\/IMG_4802-300x225.jpg 300w, https:\/\/www.hundekiga.de\/wp-content\/uploads\/2021\/11\/IMG_4802-768x576.jpg 768w, https:\/\/www.hundekiga.de\/wp-content\/uploads\/2021\/11\/IMG_4802-1024x768.jpg 1024w, https:\/\/www.hundekiga.de\/wp-content\/uploads\/2021\/11\/IMG_4802-400x300.jpg 400w\" sizes=\"auto, (max-width: 4032px) 100vw, 4032px\" \/><\/li>\n            <\/ul>\n        <\/div>\n        \n    <\/div>\n<\/div>\n\n\n\n<p>Viel Spa\u00df beim\nSchnuppern auf unserer Homepage. F\u00fcr R\u00fcckfragen stehen wir Dir\ngerne telefonisch zur Verf\u00fcgung. \n<\/p>\n\n\n\n<p>Wir freuen uns\nauf viele sch\u00f6ne Erlebnisse mit Deinem Hund.<\/p>\n","protected":false},"excerpt":{"rendered":"<p>Der Hund ist das einzige Wesen auf Erden, das dich mehr liebt, als sich selbst. (Josh Billings) Aus eigener Erfahrung wissen wir, den Hund in andere H\u00e4nde zu geben f\u00e4llt schwer. Deshalb haben wir f\u00fcr unsere Vierbeiner immer ein Angebot &hellip; <a href=\"https:\/\/www.hundekiga.de\/index.php\/ueber-uns\/\">Weiterlesen <span class=\"meta-nav\">&rarr;<\/span><\/a><\/p>\n","protected":false},"author":1,"featured_media":0,"parent":0,"menu_order":0,"comment_status":"closed","ping_status":"closed","template":"","meta":{"footnotes":""},"class_list":["post-18","page","type-page","status-publish","hentry"],"_links":{"self":[{"href":"https:\/\/www.hundekiga.de\/index.php\/wp-json\/wp\/v2\/pages\/18","targetHints":{"allow":["GET"]}}],"collection":[{"href":"https:\/\/www.hundekiga.de\/index.php\/wp-json\/wp\/v2\/pages"}],"about":[{"href":"https:\/\/www.hundekiga.de\/index.php\/wp-json\/wp\/v2\/types\/page"}],"author":[{"embeddable":true,"href":"https:\/\/www.hundekiga.de\/index.php\/wp-json\/wp\/v2\/users\/1"}],"replies":[{"embeddable":true,"href":"https:\/\/www.hundekiga.de\/index.php\/wp-json\/wp\/v2\/comments?post=18"}],"version-history":[{"count":19,"href":"https:\/\/www.hundekiga.de\/index.php\/wp-json\/wp\/v2\/pages\/18\/revisions"}],"predecessor-version":[{"id":381,"href":"https:\/\/www.hundekiga.de\/index.php\/wp-json\/wp\/v2\/pages\/18\/revisions\/381"}],"wp:attachment":[{"href":"https:\/\/www.hundekiga.de\/index.php\/wp-json\/wp\/v2\/media?parent=18"}],"curies":[{"name":"wp","href":"https:\/\/api.w.org\/{rel}","templated":true}]}}