{"id":15,"date":"2019-01-10T11:04:27","date_gmt":"2019-01-10T10:04:27","guid":{"rendered":"http:\/\/192.168.1.98\/hukiga\/?page_id=15"},"modified":"2021-11-09T19:09:12","modified_gmt":"2021-11-09T18:09:12","slug":"impressum","status":"publish","type":"page","link":"https:\/\/www.hundekiga.de\/index.php\/impressum\/","title":{"rendered":"Impressum"},"content":{"rendered":"\n<p>Diese Webseite ist ein Angebot des Hundekindergartens Pudelwohl Angaben nach \u00a7 5 TMG<\/p>\n\n\n\n<p>Hundekindergarten Pudelwohl<br>Eichenweg 2<br>09648 Mittweida<\/p>\n\n\n\n<p>Tel.: +49 174 33 62 773<br>E-Mail:&nbsp; <a href=\"mailto:info@hundekiga.de\">info@hundekiga.de<\/a><br>Web: <a href=\"http:\/\/www.hundekiga.de\">www.hundekiga.de<\/a><br>Inhaltlich Verantwortlicher: Silvio Streller<\/p>\n\n\n\n<p>Plattform der EU-Kommission zur Online-Streitbeilegung: <a href=\"http:\/\/www.ec.europa.eu\/consumers\/odr\">www.ec.europa.eu\/consumers\/odr<\/a><\/p>\n\n\n\n<h4 class=\"wp-block-heading\">Haftungshinweis<\/h4>\n\n\n\n<p>Angaben auf dieser Webseite erfolgen ohne Gew\u00e4hr.<\/p>\n\n\n\n<h4 class=\"wp-block-heading\">Urheberrecht<\/h4>\n\n\n\n<p>Texte, Fotografien und Grafiken sowie die sonstigen Inhalte sind    urheberrechtlich gesch\u00fctzt. Die \u00dcbernahme von Daten ist    genehmigungspflichtig.<br>Bildnachweis: Hundekindergarten Pudelwohl<\/p>\n\n\n\n<h4 class=\"wp-block-heading\">Datenschutzrechtliche Hinweise<\/h4>\n\n\n\n<p>Hinweis nach \u00a7 33 BDSG: Ihre via E-Mail oder Kontakformular    \u00fcbertragenen Daten werden elektronisch gespeichert. Wir nutzen die    gespeicherten Daten zur Mandats- und Auftragsabwicklung. Wenn Sie mit    der Verarbeitung Ihrer Daten nicht mehr einverstanden sind, gen\u00fcgt ein    formloser Widerruf an <a href=\"mailto:info@hundekiga.de\">info@hundekiga.de<\/a><\/p>\n\n\n\n<p>Ihre bei Google Maps eingetragenen Adressdaten werden von uns nicht  \n ausgelesen oder zwischengespeichert. Die Google Incorporated verwendet \n  diese Daten gem\u00e4\u00df ihrer eigenen Datenschutzerkl\u00e4rung.<\/p>\n\n\n\n<h4 class=\"wp-block-heading\">Einsatz von Cookies<\/h4>\n\n\n\n<p>Auf bestimmten Seiten kommen Cookies zum Einsatz, ohne dass wir Sie  \n darauf hinweisen k\u00f6nnen. Die meisten Browser sind so eingestellt, dass \n  sie Cookies automatisch akzeptieren. Diese Cookies stellen sicher, \ndass   bestimmte Werte f\u00fcr die Zeit, in der Sie diese Internetseite \nnutzen,   erhalten bleiben. Sie k\u00f6nnen das Speichern von Cookies jedoch \n  deaktivieren oder Ihren Browser so einstellen, dass Cookies nur f\u00fcr \ndie   Dauer der jeweiligen Verbindung zum Internet gespeichert werden.<\/p>\n\n\n\n<h4 class=\"wp-block-heading\">Haftung f\u00fcr Links<\/h4>\n\n\n\n<p>Die aufgef\u00fchrten externen Links f\u00fchren zu Inhalten fremder Anbieter. \n  F\u00fcr diese Inhalte ist allein der jeweilige Anbieter verantwortlich. \nBei   Bekanntwerden von Rechtsverletzungen werden diese Links umgehend  \n entfernt.<\/p>\n","protected":false},"excerpt":{"rendered":"<p>Diese Webseite ist ein Angebot des Hundekindergartens Pudelwohl Angaben nach \u00a7 5 TMG Hundekindergarten PudelwohlEichenweg 209648 Mittweida Tel.: +49 174 33 62 773E-Mail:&nbsp; info@hundekiga.deWeb: www.hundekiga.deInhaltlich Verantwortlicher: Silvio Streller Plattform der EU-Kommission zur Online-Streitbeilegung: www.ec.europa.eu\/consumers\/odr Haftungshinweis Angaben auf dieser Webseite erfolgen &hellip; <a href=\"https:\/\/www.hundekiga.de\/index.php\/impressum\/\">Weiterlesen <span class=\"meta-nav\">&rarr;<\/span><\/a><\/p>\n","protected":false},"author":1,"featured_media":0,"parent":0,"menu_order":0,"comment_status":"closed","ping_status":"closed","template":"","meta":{"footnotes":""},"class_list":["post-15","page","type-page","status-publish","hentry"],"_links":{"self":[{"href":"https:\/\/www.hundekiga.de\/index.php\/wp-json\/wp\/v2\/pages\/15","targetHints":{"allow":["GET"]}}],"collection":[{"href":"https:\/\/www.hundekiga.de\/index.php\/wp-json\/wp\/v2\/pages"}],"about":[{"href":"https:\/\/www.hundekiga.de\/index.php\/wp-json\/wp\/v2\/types\/page"}],"author":[{"embeddable":true,"href":"https:\/\/www.hundekiga.de\/index.php\/wp-json\/wp\/v2\/users\/1"}],"replies":[{"embeddable":true,"href":"https:\/\/www.hundekiga.de\/index.php\/wp-json\/wp\/v2\/comments?post=15"}],"version-history":[{"count":12,"href":"https:\/\/www.hundekiga.de\/index.php\/wp-json\/wp\/v2\/pages\/15\/revisions"}],"predecessor-version":[{"id":302,"href":"https:\/\/www.hundekiga.de\/index.php\/wp-json\/wp\/v2\/pages\/15\/revisions\/302"}],"wp:attachment":[{"href":"https:\/\/www.hundekiga.de\/index.php\/wp-json\/wp\/v2\/media?parent=15"}],"curies":[{"name":"wp","href":"https:\/\/api.w.org\/{rel}","templated":true}]}}